{"id":365,"date":"2021-04-19T15:00:46","date_gmt":"2021-04-19T15:00:46","guid":{"rendered":"https:\/\/compassionate.cymru\/?page_id=365"},"modified":"2021-04-27T11:48:14","modified_gmt":"2021-04-27T11:48:14","slug":"gofalu-am-berson-syn-marw","status":"publish","type":"page","link":"https:\/\/compassionate.cymru\/cy\/gwybodaeth-a-chefnogaeth\/gofalu-am-berson-syn-marw\/","title":{"rendered":"Gofalu am berson sy&#8217;n marw"},"content":{"rendered":"\n<figure class=\"wp-block-image size-large\"><img loading=\"lazy\" width=\"744\" height=\"315\" src=\"https:\/\/compassionate.cymru\/wp-content\/uploads\/2021\/04\/Woman-Talking.png\" alt=\"\" class=\"wp-image-280\" srcset=\"https:\/\/compassionate.cymru\/wp-content\/uploads\/2021\/04\/Woman-Talking.png 744w, https:\/\/compassionate.cymru\/wp-content\/uploads\/2021\/04\/Woman-Talking-300x127.png 300w\" sizes=\"(max-width: 744px) 100vw, 744px\" \/><\/figure>\n\n<p>Os yw rhywun rydych chi&#8217;n poeni amdano yn marw, mae yna nifer o ffynonellau cymorth y gallwch chi eu cyrchu i gael help. <\/p>\n\n<p>Os oes gennych anghenion gofal brys, mae&#8217;n bwysig eich bod chi&#8217;n siarad \u00e2&#8217;ch t\u00eem gofal lliniarol lleol neu gyda&#8217;ch meddyg teulu. <\/p>\n\n<p>Am wybodaeth gyffredinol sy&#8217;n ymwneud \u00e2 gofal lliniarol a rheoli symptomau, mae gan Marie Curie set ragorol o adnoddau a allai fod yn ddefnyddiol.&#13;\n&#13;\n<a href=\"https:\/\/www.mariecurie.org.uk\/help\/support\/being-there\">https:\/\/www.mariecurie.org.uk\/help\/support\/being-there<\/a><\/p>\n\n<p>Os oes angen i chi siarad \u00e2 rhywun, mae nifer o elusennau sy&#8217;n darparu cefnogaeth trwy gydol yr wythnos: <\/p>\n\n<ul><li><a href=\"https:\/\/www.mariecurie.org.uk\/help\/support\">Marie Curie<\/a>: 0800 090 2309<\/li><li><a href=\"https:\/\/www.macmillan.org.uk\/cancer-information-and-support\/get-help\">Cymorth Canser Macmillan<\/a><u>: <\/u> 0808 808 0000<\/li><li><a href=\"https:\/\/www.cancerresearchuk.org\/about-us\/contact-us\/talk-to-our-nurses\">Cancer Research UK<\/a>: 0808 800 4040<\/li><li><a href=\"https:\/\/www.blf.org.uk\/get-in-touch\">Sefydliad Prydeinig yr Ysgyfaint<\/a>: 03000 030 555<\/li><li><a href=\"https:\/\/www.alzheimers.org.uk\/dementia-connect-support-line\">Cymdeithas Alzheimer&#8217;s<\/a>: 03300 947 400<\/li><li><a href=\"https:\/\/www.dementiauk.org\/contact-us-details\/\">Dementia UK<\/a>: 0800 888 6678<\/li><li><a href=\"https:\/\/www.parkinsons.org.uk\/\">Parkinson\u2019s UK:<\/a> 0808 800 0303<\/li><li><a href=\"https:\/\/www.carersuk.org\/help-and-advice\/talk-to-us\">Carers UK<\/a>: 0808 808 7777<\/li><\/ul>\n\n<p>Gallwch hefyd gyrchu gwybodaeth ddefnyddiol iawn ar wefan <a href=\"https:\/\/www.hospiceuk.org\/what-we-offer\/clinical-and-care-support\/what-to-expect\">Hospice UK<\/a> sy&#8217;n dweud wrthych beth i&#8217;w ddisgwyl pan fydd rhywun yn marw a sut i helpu i ofalu amdanynt.<\/p>\n","protected":false},"excerpt":{"rendered":"<p>Os yw rhywun rydych chi&#8217;n poeni amdano yn marw, mae yna nifer o ffynonellau cymorth y gallwch chi eu cyrchu i gael help. Os oes gennych anghenion gofal brys, mae&#8217;n bwysig eich bod chi&#8217;n siarad \u00e2&#8217;ch t\u00eem gofal lliniarol lleol neu gyda&#8217;ch meddyg teulu. Am wybodaeth gyffredinol sy&#8217;n ymwneud \u00e2 gofal lliniarol a rheoli symptomau, [&hellip;]<\/p>\n","protected":false},"author":1,"featured_media":0,"parent":359,"menu_order":2,"comment_status":"closed","ping_status":"closed","template":"","meta":[],"yoast_head":"<!-- This site is optimized with the Yoast SEO plugin v16.1.1 - https:\/\/yoast.com\/wordpress\/plugins\/seo\/ -->\n<title>Gofalu am berson sy&#039;n marw - Compassionate Cymru<\/title>\n<link rel=\"canonical\" href=\"https:\/\/compassionate.cymru\/cy\/gwybodaeth-a-chefnogaeth\/gofalu-am-berson-syn-marw\/\" \/>\n<meta property=\"og:locale\" content=\"cy_GB\" \/>\n<meta property=\"og:type\" content=\"article\" \/>\n<meta property=\"og:title\" content=\"Gofalu am berson sy&#039;n marw - Compassionate Cymru\" \/>\n<meta property=\"og:description\" content=\"Os yw rhywun rydych chi&#8217;n poeni amdano yn marw, mae yna nifer o ffynonellau cymorth y gallwch chi eu cyrchu i gael help. Os oes gennych anghenion gofal brys, mae&#8217;n bwysig eich bod chi&#8217;n siarad \u00e2&#8217;ch t\u00eem gofal lliniarol lleol neu gyda&#8217;ch meddyg teulu. Am wybodaeth gyffredinol sy&#8217;n ymwneud \u00e2 gofal lliniarol a rheoli symptomau, [&hellip;]\" \/>\n<meta property=\"og:url\" content=\"https:\/\/compassionate.cymru\/cy\/gwybodaeth-a-chefnogaeth\/gofalu-am-berson-syn-marw\/\" \/>\n<meta property=\"og:site_name\" content=\"Compassionate Cymru\" \/>\n<meta property=\"article:modified_time\" content=\"2021-04-27T11:48:14+00:00\" \/>\n<meta property=\"og:image\" content=\"https:\/\/compassionate.cymru\/wp-content\/uploads\/2021\/04\/Woman-Talking.png\" \/>\n<meta name=\"twitter:card\" content=\"summary_large_image\" \/>\n<meta name=\"twitter:label1\" content=\"Est. reading time\">\n\t<meta name=\"twitter:data1\" content=\"1 minute\">\n<script type=\"application\/ld+json\" class=\"yoast-schema-graph\">{\"@context\":\"https:\/\/schema.org\",\"@graph\":[{\"@type\":\"WebSite\",\"@id\":\"https:\/\/compassionate.cymru\/#website\",\"url\":\"https:\/\/compassionate.cymru\/\",\"name\":\"Compassionate Cymru\",\"description\":\"\",\"potentialAction\":[{\"@type\":\"SearchAction\",\"target\":\"https:\/\/compassionate.cymru\/?s={search_term_string}\",\"query-input\":\"required name=search_term_string\"}],\"inLanguage\":\"cy-GB\"},{\"@type\":\"ImageObject\",\"@id\":\"https:\/\/compassionate.cymru\/cy\/gwybodaeth-a-chefnogaeth\/gofalu-am-berson-syn-marw\/#primaryimage\",\"inLanguage\":\"cy-GB\",\"url\":\"https:\/\/compassionate.cymru\/wp-content\/uploads\/2021\/04\/Woman-Talking.png\",\"contentUrl\":\"https:\/\/compassionate.cymru\/wp-content\/uploads\/2021\/04\/Woman-Talking.png\",\"width\":744,\"height\":315},{\"@type\":\"WebPage\",\"@id\":\"https:\/\/compassionate.cymru\/cy\/gwybodaeth-a-chefnogaeth\/gofalu-am-berson-syn-marw\/#webpage\",\"url\":\"https:\/\/compassionate.cymru\/cy\/gwybodaeth-a-chefnogaeth\/gofalu-am-berson-syn-marw\/\",\"name\":\"Gofalu am berson sy'n marw - Compassionate Cymru\",\"isPartOf\":{\"@id\":\"https:\/\/compassionate.cymru\/#website\"},\"primaryImageOfPage\":{\"@id\":\"https:\/\/compassionate.cymru\/cy\/gwybodaeth-a-chefnogaeth\/gofalu-am-berson-syn-marw\/#primaryimage\"},\"datePublished\":\"2021-04-19T15:00:46+00:00\",\"dateModified\":\"2021-04-27T11:48:14+00:00\",\"breadcrumb\":{\"@id\":\"https:\/\/compassionate.cymru\/cy\/gwybodaeth-a-chefnogaeth\/gofalu-am-berson-syn-marw\/#breadcrumb\"},\"inLanguage\":\"cy-GB\",\"potentialAction\":[{\"@type\":\"ReadAction\",\"target\":[\"https:\/\/compassionate.cymru\/cy\/gwybodaeth-a-chefnogaeth\/gofalu-am-berson-syn-marw\/\"]}]},{\"@type\":\"BreadcrumbList\",\"@id\":\"https:\/\/compassionate.cymru\/cy\/gwybodaeth-a-chefnogaeth\/gofalu-am-berson-syn-marw\/#breadcrumb\",\"itemListElement\":[{\"@type\":\"ListItem\",\"position\":1,\"item\":{\"@type\":\"WebPage\",\"@id\":\"https:\/\/compassionate.cymru\/cy\/\",\"url\":\"https:\/\/compassionate.cymru\/cy\/\",\"name\":\"Home\"}},{\"@type\":\"ListItem\",\"position\":2,\"item\":{\"@type\":\"WebPage\",\"@id\":\"https:\/\/compassionate.cymru\/cy\/gwybodaeth-a-chefnogaeth\/\",\"url\":\"https:\/\/compassionate.cymru\/cy\/gwybodaeth-a-chefnogaeth\/\",\"name\":\"Gwybodaeth a chefnogaeth\"}},{\"@type\":\"ListItem\",\"position\":3,\"item\":{\"@type\":\"WebPage\",\"@id\":\"https:\/\/compassionate.cymru\/cy\/gwybodaeth-a-chefnogaeth\/gofalu-am-berson-syn-marw\/\",\"url\":\"https:\/\/compassionate.cymru\/cy\/gwybodaeth-a-chefnogaeth\/gofalu-am-berson-syn-marw\/\",\"name\":\"Gofalu am berson sy&#8217;n marw\"}}]}]}<\/script>\n<!-- \/ Yoast SEO plugin. -->","_links":{"self":[{"href":"https:\/\/compassionate.cymru\/cy\/wp-json\/wp\/v2\/pages\/365"}],"collection":[{"href":"https:\/\/compassionate.cymru\/cy\/wp-json\/wp\/v2\/pages"}],"about":[{"href":"https:\/\/compassionate.cymru\/cy\/wp-json\/wp\/v2\/types\/page"}],"author":[{"embeddable":true,"href":"https:\/\/compassionate.cymru\/cy\/wp-json\/wp\/v2\/users\/1"}],"replies":[{"embeddable":true,"href":"https:\/\/compassionate.cymru\/cy\/wp-json\/wp\/v2\/comments?post=365"}],"version-history":[{"count":4,"href":"https:\/\/compassionate.cymru\/cy\/wp-json\/wp\/v2\/pages\/365\/revisions"}],"predecessor-version":[{"id":551,"href":"https:\/\/compassionate.cymru\/cy\/wp-json\/wp\/v2\/pages\/365\/revisions\/551"}],"up":[{"embeddable":true,"href":"https:\/\/compassionate.cymru\/cy\/wp-json\/wp\/v2\/pages\/359"}],"wp:attachment":[{"href":"https:\/\/compassionate.cymru\/cy\/wp-json\/wp\/v2\/media?parent=365"}],"curies":[{"name":"wp","href":"https:\/\/api.w.org\/{rel}","templated":true}]}}