{"id":367,"date":"2021-04-19T15:04:27","date_gmt":"2021-04-19T15:04:27","guid":{"rendered":"https:\/\/compassionate.cymru\/?page_id=367"},"modified":"2023-09-18T13:09:08","modified_gmt":"2023-09-18T13:09:08","slug":"ar-ol-i-rywun-farw","status":"publish","type":"page","link":"https:\/\/compassionate.cymru\/cy\/gwybodaeth-a-chefnogaeth\/ar-ol-i-rywun-farw\/","title":{"rendered":"Ar \u00f4l i rywun farw"},"content":{"rendered":"\n<figure class=\"wp-block-image size-large\"><img loading=\"lazy\" width=\"744\" height=\"315\" src=\"https:\/\/compassionate.cymru\/wp-content\/uploads\/2021\/04\/man-walking-and-talking.jpg\" alt=\"\" class=\"wp-image-298\" srcset=\"https:\/\/compassionate.cymru\/wp-content\/uploads\/2021\/04\/man-walking-and-talking.jpg 744w, https:\/\/compassionate.cymru\/wp-content\/uploads\/2021\/04\/man-walking-and-talking-300x127.jpg 300w\" sizes=\"(max-width: 744px) 100vw, 744px\" \/><\/figure>\n\n<p>Os yw rhywun rydych chi&#8217;n poeni amdano wedi marw, rydyn ni yma i helpu. Darganfyddwch sut y gallwn eich cefnogi, cael gwybodaeth am wasanaethau a sut y gallwch chi ymwneud \u00e2 mudiad Cymru Garedig. <\/p>\n\n<p><strong>Adnoddau profedigaeth<\/strong><\/p>\n\n<p>Os ydych chi&#8217;n teimlo yr hoffech chi siarad \u00e2 rhywun am eich teimladau yn ystod neu ar \u00f4l profedigaeth, mae yna lawer o adnoddau ar gael i&#8217;ch cefnogi chi: <\/p>\n\n<ul><li><a href=\"https:\/\/www.cruse.org.uk\/get-help\/local-services\/wales\/wales\">Gofal mewn Galar Cruse<\/a>: 0808 808 1677<\/li><li><a href=\"https:\/\/www.2wish.org.uk\/?lang=cy\">2Wish<\/a> (Cefnogaeth pan fydd plant a phobl ifanc yn marw\u2019n sydyn): 01443 853125<\/li><li><a href=\"https:\/\/www.thegoodgrieftrust.org\/\">The Good Grief Trust<\/a>: 0800 2600 400<\/li><li><a href=\"https:\/\/www.bereavementadvice.org\/contact-us\/\">Bereavement Advice Centre<\/a>: 0800 634 9494<\/li><li><a href=\"https:\/\/www.winstonswish.org\/\">Winston\u2019s Wish (cefnogaeth wedi&#8217;i theilwra ar gyfer plant a phobl ifanc)<\/a>: 08088 020 021<\/li><\/ul>\n\n<p><a href=\"https:\/\/www.dyingmatters.org\/sites\/default\/files\/files\/No_2%20-%20Supporting%20bereavement_single%20pages.pdf\">Dyma daflen ddefnyddiol iawn gan Byw Nawr<\/a> sy&#8217;n cynnwys gwybodaeth, cyngor a chymorth ar brofedigaeth.<\/p>\n\n<p>Gallai rhai mathau o brofedigaeth olygu eich bod yn teimlo yr hoffech gael cyngor mwy arbenigol. <\/p>\n\n<p>Er enghraifft, os ydych chi&#8217;n rhiant neu&#8217;n ofalwr i blentyn sydd wedi marw mae&#8217;n bosib yr hoffech chi gysylltu \u00e2 <a href=\"https:\/\/www.winstonswish.org\">Winston&#8217;s Wish. <\/a><\/p>\n\n<p>Ar gyfer cefnogaeth Profedigaeth ar \u00f4l i rywun farw ar \u00f4l hunanladdiad, mae&#8217;r <a href=\"https:\/\/supportaftersuicide.org.uk\">Bartneriaeth Cymorth ar \u00f4l Hunanladdiad<\/a> yn dwyn ynghyd gefnogaeth a gwybodaeth.<\/p>\n\n<p>Os ydych chi&#8217;n teimlo bod eich galar yn achosi problemau mwy cymhleth i chi neu os yw&#8217;n ymddangos ei fod yn gwaethygu, dylech <a href=\"https:\/\/111.wales.nhs.uk\/LocalServices\/Default.aspx?s=GPSurgeries\">siarad \u00e2&#8217;ch meddyg teulu<\/a>, a fydd yn gallu awgrymu ffynonellau cymorth a chefnogaeth bellach.<\/p>\n\n<p>Mae&#8217;n bosib y byddwch yn teimlo yr hoffech helpu neu gefnogi eraill sy&#8217;n mynd trwy&#8217;r un profiad beth amser ar \u00f4l i chi gael profedigaeth eich hun. Gall Cymru Garedig eich helpu i ddod o hyd i lwybr i wneud hynny, felly cysylltwch <a href=\"mailto:contact@compassionate.cymru\">yma<\/a>.<\/p>\n","protected":false},"excerpt":{"rendered":"<p>Os yw rhywun rydych chi&#8217;n poeni amdano wedi marw, rydyn ni yma i helpu. Darganfyddwch sut y gallwn eich cefnogi, cael gwybodaeth am wasanaethau a sut y gallwch chi ymwneud \u00e2 mudiad Cymru Garedig. Adnoddau profedigaeth Os ydych chi&#8217;n teimlo yr hoffech chi siarad \u00e2 rhywun am eich teimladau yn ystod neu ar \u00f4l profedigaeth, [&hellip;]<\/p>\n","protected":false},"author":1,"featured_media":0,"parent":359,"menu_order":3,"comment_status":"closed","ping_status":"closed","template":"","meta":[],"yoast_head":"<!-- This site is optimized with the Yoast SEO plugin v16.1.1 - https:\/\/yoast.com\/wordpress\/plugins\/seo\/ -->\n<title>Ar \u00f4l i rywun farw - Compassionate Cymru<\/title>\n<link rel=\"canonical\" href=\"https:\/\/compassionate.cymru\/cy\/gwybodaeth-a-chefnogaeth\/ar-ol-i-rywun-farw\/\" \/>\n<meta property=\"og:locale\" content=\"cy_GB\" \/>\n<meta property=\"og:type\" content=\"article\" \/>\n<meta property=\"og:title\" content=\"Ar \u00f4l i rywun farw - Compassionate Cymru\" \/>\n<meta property=\"og:description\" content=\"Os yw rhywun rydych chi&#8217;n poeni amdano wedi marw, rydyn ni yma i helpu. Darganfyddwch sut y gallwn eich cefnogi, cael gwybodaeth am wasanaethau a sut y gallwch chi ymwneud \u00e2 mudiad Cymru Garedig. Adnoddau profedigaeth Os ydych chi&#8217;n teimlo yr hoffech chi siarad \u00e2 rhywun am eich teimladau yn ystod neu ar \u00f4l profedigaeth, [&hellip;]\" \/>\n<meta property=\"og:url\" content=\"https:\/\/compassionate.cymru\/cy\/gwybodaeth-a-chefnogaeth\/ar-ol-i-rywun-farw\/\" \/>\n<meta property=\"og:site_name\" content=\"Compassionate Cymru\" \/>\n<meta property=\"article:modified_time\" content=\"2023-09-18T13:09:08+00:00\" \/>\n<meta property=\"og:image\" content=\"https:\/\/compassionate.cymru\/wp-content\/uploads\/2021\/04\/man-walking-and-talking.jpg\" \/>\n<meta name=\"twitter:card\" content=\"summary_large_image\" \/>\n<meta name=\"twitter:label1\" content=\"Est. reading time\">\n\t<meta name=\"twitter:data1\" content=\"1 minute\">\n<script type=\"application\/ld+json\" class=\"yoast-schema-graph\">{\"@context\":\"https:\/\/schema.org\",\"@graph\":[{\"@type\":\"WebSite\",\"@id\":\"https:\/\/compassionate.cymru\/#website\",\"url\":\"https:\/\/compassionate.cymru\/\",\"name\":\"Compassionate Cymru\",\"description\":\"\",\"potentialAction\":[{\"@type\":\"SearchAction\",\"target\":\"https:\/\/compassionate.cymru\/?s={search_term_string}\",\"query-input\":\"required name=search_term_string\"}],\"inLanguage\":\"cy-GB\"},{\"@type\":\"ImageObject\",\"@id\":\"https:\/\/compassionate.cymru\/cy\/gwybodaeth-a-chefnogaeth\/ar-ol-i-rywun-farw\/#primaryimage\",\"inLanguage\":\"cy-GB\",\"url\":\"https:\/\/compassionate.cymru\/wp-content\/uploads\/2021\/04\/man-walking-and-talking.jpg\",\"contentUrl\":\"https:\/\/compassionate.cymru\/wp-content\/uploads\/2021\/04\/man-walking-and-talking.jpg\",\"width\":744,\"height\":315},{\"@type\":\"WebPage\",\"@id\":\"https:\/\/compassionate.cymru\/cy\/gwybodaeth-a-chefnogaeth\/ar-ol-i-rywun-farw\/#webpage\",\"url\":\"https:\/\/compassionate.cymru\/cy\/gwybodaeth-a-chefnogaeth\/ar-ol-i-rywun-farw\/\",\"name\":\"Ar \\u00f4l i rywun farw - Compassionate Cymru\",\"isPartOf\":{\"@id\":\"https:\/\/compassionate.cymru\/#website\"},\"primaryImageOfPage\":{\"@id\":\"https:\/\/compassionate.cymru\/cy\/gwybodaeth-a-chefnogaeth\/ar-ol-i-rywun-farw\/#primaryimage\"},\"datePublished\":\"2021-04-19T15:04:27+00:00\",\"dateModified\":\"2023-09-18T13:09:08+00:00\",\"breadcrumb\":{\"@id\":\"https:\/\/compassionate.cymru\/cy\/gwybodaeth-a-chefnogaeth\/ar-ol-i-rywun-farw\/#breadcrumb\"},\"inLanguage\":\"cy-GB\",\"potentialAction\":[{\"@type\":\"ReadAction\",\"target\":[\"https:\/\/compassionate.cymru\/cy\/gwybodaeth-a-chefnogaeth\/ar-ol-i-rywun-farw\/\"]}]},{\"@type\":\"BreadcrumbList\",\"@id\":\"https:\/\/compassionate.cymru\/cy\/gwybodaeth-a-chefnogaeth\/ar-ol-i-rywun-farw\/#breadcrumb\",\"itemListElement\":[{\"@type\":\"ListItem\",\"position\":1,\"item\":{\"@type\":\"WebPage\",\"@id\":\"https:\/\/compassionate.cymru\/cy\/\",\"url\":\"https:\/\/compassionate.cymru\/cy\/\",\"name\":\"Home\"}},{\"@type\":\"ListItem\",\"position\":2,\"item\":{\"@type\":\"WebPage\",\"@id\":\"https:\/\/compassionate.cymru\/cy\/gwybodaeth-a-chefnogaeth\/\",\"url\":\"https:\/\/compassionate.cymru\/cy\/gwybodaeth-a-chefnogaeth\/\",\"name\":\"Gwybodaeth a chefnogaeth\"}},{\"@type\":\"ListItem\",\"position\":3,\"item\":{\"@type\":\"WebPage\",\"@id\":\"https:\/\/compassionate.cymru\/cy\/gwybodaeth-a-chefnogaeth\/ar-ol-i-rywun-farw\/\",\"url\":\"https:\/\/compassionate.cymru\/cy\/gwybodaeth-a-chefnogaeth\/ar-ol-i-rywun-farw\/\",\"name\":\"Ar \\u00f4l i rywun farw\"}}]}]}<\/script>\n<!-- \/ Yoast SEO plugin. -->","_links":{"self":[{"href":"https:\/\/compassionate.cymru\/cy\/wp-json\/wp\/v2\/pages\/367"}],"collection":[{"href":"https:\/\/compassionate.cymru\/cy\/wp-json\/wp\/v2\/pages"}],"about":[{"href":"https:\/\/compassionate.cymru\/cy\/wp-json\/wp\/v2\/types\/page"}],"author":[{"embeddable":true,"href":"https:\/\/compassionate.cymru\/cy\/wp-json\/wp\/v2\/users\/1"}],"replies":[{"embeddable":true,"href":"https:\/\/compassionate.cymru\/cy\/wp-json\/wp\/v2\/comments?post=367"}],"version-history":[{"count":8,"href":"https:\/\/compassionate.cymru\/cy\/wp-json\/wp\/v2\/pages\/367\/revisions"}],"predecessor-version":[{"id":768,"href":"https:\/\/compassionate.cymru\/cy\/wp-json\/wp\/v2\/pages\/367\/revisions\/768"}],"up":[{"embeddable":true,"href":"https:\/\/compassionate.cymru\/cy\/wp-json\/wp\/v2\/pages\/359"}],"wp:attachment":[{"href":"https:\/\/compassionate.cymru\/cy\/wp-json\/wp\/v2\/media?parent=367"}],"curies":[{"name":"wp","href":"https:\/\/api.w.org\/{rel}","templated":true}]}}